{"id":2698,"date":"2022-03-31T07:40:53","date_gmt":"2022-03-31T07:40:53","guid":{"rendered":"https:\/\/burda-brand-licensing.com\/contact\/"},"modified":"2023-05-05T08:47:37","modified_gmt":"2023-05-05T08:47:37","slug":"contact","status":"publish","type":"page","link":"https:\/\/burda-brand-licensing.com\/en\/contact\/","title":{"rendered":"Contact"},"content":{"rendered":"\t\t<div data-elementor-type=\"wp-page\" data-elementor-id=\"2698\" class=\"elementor elementor-2698 elementor-640\" data-elementor-post-type=\"page\">\n\t\t\t\t\t\t<section class=\"elementor-section elementor-top-section elementor-element elementor-element-f64a374 elementor-section-height-min-height elementor-section-boxed elementor-section-height-default elementor-section-items-middle\" data-id=\"f64a374\" data-element_type=\"section\" data-e-type=\"section\" data-settings=\"{&quot;background_background&quot;:&quot;classic&quot;}\">\n\t\t\t\t\t\t<div class=\"elementor-container elementor-column-gap-default\">\n\t\t\t\t\t<div class=\"elementor-column elementor-col-50 elementor-top-column elementor-element elementor-element-5ad2415\" data-id=\"5ad2415\" data-element_type=\"column\" data-e-type=\"column\">\n\t\t\t<div class=\"elementor-widget-wrap elementor-element-populated\">\n\t\t\t\t\t\t<div class=\"elementor-element elementor-element-0abac16 elementor-widget__width-initial elementor-widget elementor-widget-heading\" data-id=\"0abac16\" data-element_type=\"widget\" data-e-type=\"widget\" data-widget_type=\"heading.default\">\n\t\t\t\t<div class=\"elementor-widget-container\">\n\t\t\t\t\t<h1 class=\"elementor-heading-title elementor-size-default\">We look forward to the exchange with you<\/h1>\t\t\t\t<\/div>\n\t\t\t\t<\/div>\n\t\t\t\t<div class=\"elementor-element elementor-element-8c239a5 elementor-widget elementor-widget-text-editor\" data-id=\"8c239a5\" data-element_type=\"widget\" data-e-type=\"widget\" data-widget_type=\"text-editor.default\">\n\t\t\t\t<div class=\"elementor-widget-container\">\n\t\t\t\t\t\t\t\t\t<p>BurdaVerlag Brand Licensing<br \/>Arabellastra\u00dfe 23<br \/>81925 M\u00fcnchen<\/p>\n\t\t\t\t\t\t\t\t<\/div>\n\t\t\t\t<\/div>\n\t\t\t\t<div class=\"elementor-element elementor-element-e2bfa6a elementor-widget elementor-widget-text-editor\" data-id=\"e2bfa6a\" data-element_type=\"widget\" data-e-type=\"widget\" data-widget_type=\"text-editor.default\">\n\t\t\t\t<div class=\"elementor-widget-container\">\n\t\t\t\t\t\t\t\t\t<p>Telefon: +49 89 9250-1301<br \/>Fax: +49 89 9250-1304<br \/>E-Mail: brandlicensing@burda.com<\/p>\n\t\t\t\t\t\t\t\t<\/div>\n\t\t\t\t<\/div>\n\t\t\t\t\t<\/div>\n\t\t<\/div>\n\t\t\t\t<div class=\"elementor-column elementor-col-50 elementor-top-column elementor-element elementor-element-6ab2298\" data-id=\"6ab2298\" data-element_type=\"column\" data-e-type=\"column\">\n\t\t\t<div class=\"elementor-widget-wrap elementor-element-populated\">\n\t\t\t\t\t\t<div class=\"jet-tooltip-widget elementor-element elementor-element-215926d jedv-enabled--yes elementor-button-align-stretch elementor-widget elementor-widget-form\" role=\"tooltip\" data-jet-tricks-settings=\"{&quot;tooltip&quot;:&quot;true&quot;,&quot;tooltipDescription&quot;:&quot;&lt;p class=\\&quot;p1\\&quot;&gt;&lt;span class=\\&quot;s1\\&quot;&gt;Ja, Ich bin damit einverstanden, dass personenbezogene Daten in meinen Angaben von der TEC The Enabling Company GmbH f\\u00fcr die Bearbeitung der Kontaktanfrage verarbeitet werden. Die Einwilligung ist jederzeit f\\u00fcr die Zukunft widerrufbar, etwa per E-Mail an TEC@datenschutzanfrage.de. Durch den Widerruf der Einwilligung wird die Rechtm\\u00e4\\u00dfigkeit, der aufgrund der Einwilligung bis zum Widerruf erfolgten Verarbeitung nicht ber\\u00fchrt. Weitere Informationen finden Sie in der &lt;\\\/span&gt;&lt;a href=\\&quot;https:\\\/\\\/burda-brand-licensing.com\\\/datenschutz\\&quot;&gt;&lt;span class=\\&quot;s2\\&quot; style=\\&quot;color: white;\\&quot;&gt;Datenschutzerkl\\u00e4rung&lt;\\\/span&gt;&lt;\\\/a&gt;&lt;span class=\\&quot;s1\\&quot;&gt;.&lt;\\\/span&gt;&lt;\\\/p&gt;&quot;,&quot;tooltipPlacement&quot;:&quot;top&quot;,&quot;tooltipArrow&quot;:true,&quot;xOffset&quot;:0,&quot;yOffset&quot;:0,&quot;tooltipAnimation&quot;:&quot;fade&quot;,&quot;tooltipTrigger&quot;:&quot;mouseenter&quot;,&quot;zIndex&quot;:999,&quot;appendTo&quot;:&quot;widget&quot;,&quot;customSelector&quot;:&quot;.datenschutz&quot;,&quot;delay&quot;:{&quot;unit&quot;:&quot;px&quot;,&quot;size&quot;:0,&quot;sizes&quot;:[]},&quot;followCursor&quot;:&quot;false&quot;}\" data-id=\"215926d\" data-element_type=\"widget\" data-e-type=\"widget\" data-settings=\"{&quot;step_next_label&quot;:&quot;Next&quot;,&quot;step_previous_label&quot;:&quot;Previous&quot;,&quot;button_width&quot;:&quot;100&quot;,&quot;step_type&quot;:&quot;number_text&quot;,&quot;step_icon_shape&quot;:&quot;circle&quot;}\" data-widget_type=\"form.default\">\n\t\t\t\t<div class=\"elementor-widget-container\">\n\t\t\t\t\t<div id=\"jet-tricks-tooltip-content-215926d\" class=\"jet-tooltip-widget__content\"><p class=\"p1\"><span class=\"s1\">Ja, Ich bin damit einverstanden, dass personenbezogene Daten in meinen Angaben von der TEC The Enabling Company GmbH f\u00fcr die Bearbeitung der Kontaktanfrage verarbeitet werden. Die Einwilligung ist jederzeit f\u00fcr die Zukunft widerrufbar, etwa per E-Mail an TEC@datenschutzanfrage.de. Durch den Widerruf der Einwilligung wird die Rechtm\u00e4\u00dfigkeit, der aufgrund der Einwilligung bis zum Widerruf erfolgten Verarbeitung nicht ber\u00fchrt. Weitere Informationen finden Sie in der <\/span><a href=\"https:\/\/burda-brand-licensing.com\/datenschutz\"><span class=\"s2\" style=\"color: white\">Datenschutzerkl\u00e4rung<\/span><\/a><span class=\"s1\">.<\/span><\/p><\/div>\t\t<form class=\"elementor-form\" method=\"post\" name=\"New form\" aria-label=\"New form\">\n\t\t\t<input type=\"hidden\" name=\"post_id\" value=\"2698\"\/>\n\t\t\t<input type=\"hidden\" name=\"form_id\" value=\"215926d\"\/>\n\t\t\t<input type=\"hidden\" name=\"referer_title\" value=\"Burda Brand Licensing\" \/>\n\n\t\t\t\n\t\t\t<div class=\"elementor-form-fields-wrapper elementor-labels-\">\n\t\t\t\t\t\t\t\t<div class=\"elementor-field-type-text elementor-field-group elementor-column elementor-field-group-name elementor-col-50\">\n\t\t\t\t\t\t\t\t\t\t\t\t<label for=\"form-field-name\" class=\"elementor-field-label elementor-screen-only\">\n\t\t\t\t\t\t\t\tFirst name\t\t\t\t\t\t\t<\/label>\n\t\t\t\t\t\t\t\t\t\t\t\t\t\t<input size=\"1\" type=\"text\" name=\"form_fields[name]\" id=\"form-field-name\" class=\"elementor-field elementor-size-sm  elementor-field-textual\" placeholder=\"Your first name\">\n\t\t\t\t\t\t\t\t\t\t\t<\/div>\n\t\t\t\t\t\t\t\t<div class=\"elementor-field-type-text elementor-field-group elementor-column elementor-field-group-field_8da96c5 elementor-col-50\">\n\t\t\t\t\t\t\t\t\t\t\t\t<label for=\"form-field-field_8da96c5\" class=\"elementor-field-label elementor-screen-only\">\n\t\t\t\t\t\t\t\tSurname\t\t\t\t\t\t\t<\/label>\n\t\t\t\t\t\t\t\t\t\t\t\t\t\t<input size=\"1\" type=\"text\" name=\"form_fields[field_8da96c5]\" id=\"form-field-field_8da96c5\" class=\"elementor-field elementor-size-sm  elementor-field-textual\" placeholder=\"Your surname\">\n\t\t\t\t\t\t\t\t\t\t\t<\/div>\n\t\t\t\t\t\t\t\t<div class=\"elementor-field-type-email elementor-field-group elementor-column elementor-field-group-email elementor-col-100 elementor-field-required\">\n\t\t\t\t\t\t\t\t\t\t\t\t<label for=\"form-field-email\" class=\"elementor-field-label elementor-screen-only\">\n\t\t\t\t\t\t\t\tEmail\t\t\t\t\t\t\t<\/label>\n\t\t\t\t\t\t\t\t\t\t\t\t\t\t<input size=\"1\" type=\"email\" name=\"form_fields[email]\" id=\"form-field-email\" class=\"elementor-field elementor-size-sm  elementor-field-textual\" placeholder=\"Your email address\" required=\"required\">\n\t\t\t\t\t\t\t\t\t\t\t<\/div>\n\t\t\t\t\t\t\t\t<div class=\"elementor-field-type-textarea elementor-field-group elementor-column elementor-field-group-message elementor-col-100\">\n\t\t\t\t\t\t\t\t\t\t\t\t<label for=\"form-field-message\" class=\"elementor-field-label elementor-screen-only\">\n\t\t\t\t\t\t\t\tMessage\t\t\t\t\t\t\t<\/label>\n\t\t\t\t\t\t<textarea class=\"elementor-field-textual elementor-field  elementor-size-sm\" name=\"form_fields[message]\" id=\"form-field-message\" rows=\"4\" placeholder=\"Message\"><\/textarea>\t\t\t\t<\/div>\n\t\t\t\t\t\t\t\t<div class=\"elementor-field-type-acceptance elementor-field-group elementor-column elementor-field-group-field_112957f elementor-col-100 elementor-field-required\">\n\t\t\t\t\t\t\t<div class=\"elementor-field-subgroup\">\n\t\t\t<span class=\"elementor-field-option\">\n\t\t\t\t<input type=\"checkbox\" name=\"form_fields[field_112957f]\" id=\"form-field-field_112957f\" class=\"elementor-field elementor-size-sm  elementor-acceptance-field\" required=\"required\">\n\t\t\t\t<label for=\"form-field-field_112957f\">I agree to the <span class=\"datenschutz\" style=\"font-weight: 500;\">privacy policy<\/span>.<\/label>\t\t\t<\/span>\n\t\t<\/div>\n\t\t\t\t\t\t<\/div>\n\t\t\t\t\t\t\t\t<div class=\"elementor-field-type-text\">\n\t\t\t\t\t<input size=\"1\" type=\"text\" name=\"form_fields[field_d8a7188]\" id=\"form-field-field_d8a7188\" class=\"elementor-field elementor-size-sm \" style=\"display:none !important;\">\t\t\t\t<\/div>\n\t\t\t\t\t\t\t\t<div class=\"elementor-field-group elementor-column elementor-field-type-submit elementor-col-100 e-form__buttons\">\n\t\t\t\t\t<button class=\"elementor-button elementor-size-sm\" type=\"submit\">\n\t\t\t\t\t\t<span class=\"elementor-button-content-wrapper\">\n\t\t\t\t\t\t\t\t\t\t\t\t\t\t\t\t\t\t\t\t\t\t<span class=\"elementor-button-text\">Send email<\/span>\n\t\t\t\t\t\t\t\t\t\t\t\t\t<\/span>\n\t\t\t\t\t<\/button>\n\t\t\t\t<\/div>\n\t\t\t<\/div>\n\t\t<\/form>\n\t\t\t\t\t\t<\/div>\n\t\t\t\t<\/div>\n\t\t\t\t\t<\/div>\n\t\t<\/div>\n\t\t\t\t\t<\/div>\n\t\t<\/section>\n\t\t\t\t<\/div>\n\t\t","protected":false},"excerpt":{"rendered":"<p>We look forward to the exchange with you BurdaVerlag Brand LicensingArabellastra\u00dfe 2381925 M\u00fcnchen Telefon: +49 89 9250-1301Fax: +49 89 9250-1304E-Mail: brandlicensing@burda.com<\/p>\n","protected":false},"author":1,"featured_media":0,"parent":0,"menu_order":0,"comment_status":"closed","ping_status":"closed","template":"","meta":{"footnotes":""},"class_list":["post-2698","page","type-page","status-publish","hentry"],"yoast_head":"<!-- This site is optimized with the Yoast SEO plugin v27.2 - https:\/\/yoast.com\/product\/yoast-seo-wordpress\/ -->\n<title>Contact - Burda Brand Licensing<\/title>\n<meta name=\"robots\" content=\"index, follow, max-snippet:-1, max-image-preview:large, max-video-preview:-1\" \/>\n<link rel=\"canonical\" href=\"https:\/\/burda-brand-licensing.com\/en\/contact\/\" \/>\n<meta property=\"og:locale\" content=\"en_US\" \/>\n<meta property=\"og:type\" content=\"article\" \/>\n<meta property=\"og:title\" content=\"Contact - Burda Brand Licensing\" \/>\n<meta property=\"og:description\" content=\"We look forward to the exchange with you BurdaVerlag Brand LicensingArabellastra\u00dfe 2381925 M\u00fcnchen Telefon: +49 89 9250-1301Fax: +49 89 9250-1304E-Mail: brandlicensing@burda.com\" \/>\n<meta property=\"og:url\" content=\"https:\/\/burda-brand-licensing.com\/en\/contact\/\" \/>\n<meta property=\"og:site_name\" content=\"Burda Brand Licensing\" \/>\n<meta property=\"article:modified_time\" content=\"2023-05-05T08:47:37+00:00\" \/>\n<meta name=\"twitter:card\" content=\"summary_large_image\" \/>\n<script type=\"application\/ld+json\" class=\"yoast-schema-graph\">{\"@context\":\"https:\/\/schema.org\",\"@graph\":[{\"@type\":\"WebPage\",\"@id\":\"https:\/\/burda-brand-licensing.com\/en\/contact\/\",\"url\":\"https:\/\/burda-brand-licensing.com\/en\/contact\/\",\"name\":\"Contact - Burda Brand Licensing\",\"isPartOf\":{\"@id\":\"https:\/\/burda-brand-licensing.com\/en\/#website\"},\"datePublished\":\"2022-03-31T07:40:53+00:00\",\"dateModified\":\"2023-05-05T08:47:37+00:00\",\"breadcrumb\":{\"@id\":\"https:\/\/burda-brand-licensing.com\/en\/contact\/#breadcrumb\"},\"inLanguage\":\"en-US\",\"potentialAction\":[{\"@type\":\"ReadAction\",\"target\":[\"https:\/\/burda-brand-licensing.com\/en\/contact\/\"]}]},{\"@type\":\"BreadcrumbList\",\"@id\":\"https:\/\/burda-brand-licensing.com\/en\/contact\/#breadcrumb\",\"itemListElement\":[{\"@type\":\"ListItem\",\"position\":1,\"name\":\"Startseite\",\"item\":\"https:\/\/burda-brand-licensing.com\/en\/\"},{\"@type\":\"ListItem\",\"position\":2,\"name\":\"Contact\"}]},{\"@type\":\"WebSite\",\"@id\":\"https:\/\/burda-brand-licensing.com\/en\/#website\",\"url\":\"https:\/\/burda-brand-licensing.com\/en\/\",\"name\":\"Burda Brand Licensing\",\"description\":\"We create valuable connections\",\"publisher\":{\"@id\":\"https:\/\/burda-brand-licensing.com\/en\/#organization\"},\"potentialAction\":[{\"@type\":\"SearchAction\",\"target\":{\"@type\":\"EntryPoint\",\"urlTemplate\":\"https:\/\/burda-brand-licensing.com\/en\/?s={search_term_string}\"},\"query-input\":{\"@type\":\"PropertyValueSpecification\",\"valueRequired\":true,\"valueName\":\"search_term_string\"}}],\"inLanguage\":\"en-US\"},{\"@type\":\"Organization\",\"@id\":\"https:\/\/burda-brand-licensing.com\/en\/#organization\",\"name\":\"Burda Brand Licensing\",\"url\":\"https:\/\/burda-brand-licensing.com\/en\/\",\"logo\":{\"@type\":\"ImageObject\",\"inLanguage\":\"en-US\",\"@id\":\"https:\/\/burda-brand-licensing.com\/en\/#\/schema\/logo\/image\/\",\"url\":\"https:\/\/burda-brand-licensing.com\/wp-content\/uploads\/2022\/03\/Unbenannt_02-1.png\",\"contentUrl\":\"https:\/\/burda-brand-licensing.com\/wp-content\/uploads\/2022\/03\/Unbenannt_02-1.png\",\"width\":900,\"height\":404,\"caption\":\"Burda Brand Licensing\"},\"image\":{\"@id\":\"https:\/\/burda-brand-licensing.com\/en\/#\/schema\/logo\/image\/\"}}]}<\/script>\n<!-- \/ Yoast SEO plugin. -->","yoast_head_json":{"title":"Contact - Burda Brand Licensing","robots":{"index":"index","follow":"follow","max-snippet":"max-snippet:-1","max-image-preview":"max-image-preview:large","max-video-preview":"max-video-preview:-1"},"canonical":"https:\/\/burda-brand-licensing.com\/en\/contact\/","og_locale":"en_US","og_type":"article","og_title":"Contact - Burda Brand Licensing","og_description":"We look forward to the exchange with you BurdaVerlag Brand LicensingArabellastra\u00dfe 2381925 M\u00fcnchen Telefon: +49 89 9250-1301Fax: +49 89 9250-1304E-Mail: brandlicensing@burda.com","og_url":"https:\/\/burda-brand-licensing.com\/en\/contact\/","og_site_name":"Burda Brand Licensing","article_modified_time":"2023-05-05T08:47:37+00:00","twitter_card":"summary_large_image","schema":{"@context":"https:\/\/schema.org","@graph":[{"@type":"WebPage","@id":"https:\/\/burda-brand-licensing.com\/en\/contact\/","url":"https:\/\/burda-brand-licensing.com\/en\/contact\/","name":"Contact - Burda Brand Licensing","isPartOf":{"@id":"https:\/\/burda-brand-licensing.com\/en\/#website"},"datePublished":"2022-03-31T07:40:53+00:00","dateModified":"2023-05-05T08:47:37+00:00","breadcrumb":{"@id":"https:\/\/burda-brand-licensing.com\/en\/contact\/#breadcrumb"},"inLanguage":"en-US","potentialAction":[{"@type":"ReadAction","target":["https:\/\/burda-brand-licensing.com\/en\/contact\/"]}]},{"@type":"BreadcrumbList","@id":"https:\/\/burda-brand-licensing.com\/en\/contact\/#breadcrumb","itemListElement":[{"@type":"ListItem","position":1,"name":"Startseite","item":"https:\/\/burda-brand-licensing.com\/en\/"},{"@type":"ListItem","position":2,"name":"Contact"}]},{"@type":"WebSite","@id":"https:\/\/burda-brand-licensing.com\/en\/#website","url":"https:\/\/burda-brand-licensing.com\/en\/","name":"Burda Brand Licensing","description":"We create valuable connections","publisher":{"@id":"https:\/\/burda-brand-licensing.com\/en\/#organization"},"potentialAction":[{"@type":"SearchAction","target":{"@type":"EntryPoint","urlTemplate":"https:\/\/burda-brand-licensing.com\/en\/?s={search_term_string}"},"query-input":{"@type":"PropertyValueSpecification","valueRequired":true,"valueName":"search_term_string"}}],"inLanguage":"en-US"},{"@type":"Organization","@id":"https:\/\/burda-brand-licensing.com\/en\/#organization","name":"Burda Brand Licensing","url":"https:\/\/burda-brand-licensing.com\/en\/","logo":{"@type":"ImageObject","inLanguage":"en-US","@id":"https:\/\/burda-brand-licensing.com\/en\/#\/schema\/logo\/image\/","url":"https:\/\/burda-brand-licensing.com\/wp-content\/uploads\/2022\/03\/Unbenannt_02-1.png","contentUrl":"https:\/\/burda-brand-licensing.com\/wp-content\/uploads\/2022\/03\/Unbenannt_02-1.png","width":900,"height":404,"caption":"Burda Brand Licensing"},"image":{"@id":"https:\/\/burda-brand-licensing.com\/en\/#\/schema\/logo\/image\/"}}]}},"_links":{"self":[{"href":"https:\/\/burda-brand-licensing.com\/en\/wp-json\/wp\/v2\/pages\/2698","targetHints":{"allow":["GET"]}}],"collection":[{"href":"https:\/\/burda-brand-licensing.com\/en\/wp-json\/wp\/v2\/pages"}],"about":[{"href":"https:\/\/burda-brand-licensing.com\/en\/wp-json\/wp\/v2\/types\/page"}],"author":[{"embeddable":true,"href":"https:\/\/burda-brand-licensing.com\/en\/wp-json\/wp\/v2\/users\/1"}],"replies":[{"embeddable":true,"href":"https:\/\/burda-brand-licensing.com\/en\/wp-json\/wp\/v2\/comments?post=2698"}],"version-history":[{"count":4,"href":"https:\/\/burda-brand-licensing.com\/en\/wp-json\/wp\/v2\/pages\/2698\/revisions"}],"predecessor-version":[{"id":3140,"href":"https:\/\/burda-brand-licensing.com\/en\/wp-json\/wp\/v2\/pages\/2698\/revisions\/3140"}],"wp:attachment":[{"href":"https:\/\/burda-brand-licensing.com\/en\/wp-json\/wp\/v2\/media?parent=2698"}],"curies":[{"name":"wp","href":"https:\/\/api.w.org\/{rel}","templated":true}]}}